{"id":89,"date":"2024-09-24T15:18:47","date_gmt":"2024-09-24T15:18:47","guid":{"rendered":"http:\/\/www.medimeer.de\/?page_id=89"},"modified":"2024-09-24T16:07:33","modified_gmt":"2024-09-24T16:07:33","slug":"alte-sachen","status":"publish","type":"page","link":"https:\/\/www.medimeer.de\/?page_id=89","title":{"rendered":"Alte Sachen"},"content":{"rendered":"\n<p>Sie hatten Erinnerungswerte, sind Zeugen vergangener Zeiten, sie wurden immer wieder gerne angesehen <br>&#8211; und nun sollen sie nicht einfach in Vergessenheit oder im M\u00fcll landen.<br><br>Viele Sammlerst\u00fccke aus den verschiedensten Teilen Europas (und der Welt) sollen weiterhin Freude bereiten und wertgesch\u00e4tzt werden. <br>Das ist der Wunsch!<br><br>Die St\u00fccke haben noch immer ihren Wert, ihren Sammlerwert oder Liebhaberwert &#8211; verschenkt werden sie jedenfalls nicht \ud83d\ude09<br><br>Hier zur Bildergalerie der alten &#8222;Sch\u00e4tzchen&#8220;:<\/p>\n\n\n\n<p class=\"has-text-align-left\"><a href=\"https:\/\/mega.nz\/fm\/byBj0bZR\">https:\/\/mega.nz\/fm\/byBj0bZR<\/a><\/p>\n","protected":false},"excerpt":{"rendered":"<p>Sie hatten Erinnerungswerte, sind Zeugen vergangener Zeiten, sie wurden immer wieder gerne angesehen &#8211; und nun sollen sie nicht einfach in Vergessenheit oder im M\u00fcll landen. Viele Sammlerst\u00fccke aus den verschiedensten Teilen Europas (und der Welt) sollen weiterhin Freude bereiten und wertgesch\u00e4tzt werden. Das ist der Wunsch! Die St\u00fccke haben noch immer ihren Wert, ihren &hellip; <a href=\"https:\/\/www.medimeer.de\/?page_id=89\" class=\"more-link\"><span class=\"screen-reader-text\">Alte Sachen<\/span> weiterlesen<\/a><\/p>\n","protected":false},"author":1,"featured_media":0,"parent":0,"menu_order":1,"comment_status":"closed","ping_status":"closed","template":"","meta":{"footnotes":""},"class_list":["post-89","page","type-page","status-publish","hentry"],"_links":{"self":[{"href":"https:\/\/www.medimeer.de\/index.php?rest_route=\/wp\/v2\/pages\/89","targetHints":{"allow":["GET"]}}],"collection":[{"href":"https:\/\/www.medimeer.de\/index.php?rest_route=\/wp\/v2\/pages"}],"about":[{"href":"https:\/\/www.medimeer.de\/index.php?rest_route=\/wp\/v2\/types\/page"}],"author":[{"embeddable":true,"href":"https:\/\/www.medimeer.de\/index.php?rest_route=\/wp\/v2\/users\/1"}],"replies":[{"embeddable":true,"href":"https:\/\/www.medimeer.de\/index.php?rest_route=%2Fwp%2Fv2%2Fcomments&post=89"}],"version-history":[{"count":4,"href":"https:\/\/www.medimeer.de\/index.php?rest_route=\/wp\/v2\/pages\/89\/revisions"}],"predecessor-version":[{"id":96,"href":"https:\/\/www.medimeer.de\/index.php?rest_route=\/wp\/v2\/pages\/89\/revisions\/96"}],"wp:attachment":[{"href":"https:\/\/www.medimeer.de\/index.php?rest_route=%2Fwp%2Fv2%2Fmedia&parent=89"}],"curies":[{"name":"wp","href":"https:\/\/api.w.org\/{rel}","templated":true}]}}